{"id":7008,"date":"2018-05-25T11:53:34","date_gmt":"2018-05-25T11:53:34","guid":{"rendered":"https:\/\/booking.chaletsphilippe.com\/?page_id=7008"},"modified":"2025-09-25T09:25:30","modified_gmt":"2025-09-25T09:25:30","slug":"politique-de-confidentialite-rgpd","status":"publish","type":"page","link":"https:\/\/booking.chaletsphilippe.com\/?page_id=7008","title":{"rendered":"Politique de confidentialit\u00e9 \/ RGPD"},"content":{"rendered":"\t\t<div data-elementor-type=\"wp-page\" data-elementor-id=\"7008\" class=\"elementor elementor-7008\">\n\t\t\t\t\t\t<section class=\"elementor-section elementor-top-section elementor-element elementor-element-3684e218 elementor-section-boxed elementor-section-height-default elementor-section-height-default\" data-id=\"3684e218\" data-element_type=\"section\">\n\t\t\t\t\t\t<div class=\"elementor-container elementor-column-gap-default\">\n\t\t\t\t\t<div class=\"elementor-column elementor-col-100 elementor-top-column elementor-element elementor-element-62d08565\" data-id=\"62d08565\" data-element_type=\"column\">\n\t\t\t<div class=\"elementor-widget-wrap elementor-element-populated\">\n\t\t\t\t\t\t<div class=\"elementor-element elementor-element-7a2a3712 elementor-widget elementor-widget-text-editor\" data-id=\"7a2a3712\" data-element_type=\"widget\" data-widget_type=\"text-editor.default\">\n\t\t\t\t<div class=\"elementor-widget-container\">\n\t\t\t\t\t\t\t\t\t<div class=\"elementor elementor-290\" data-elementor-type=\"wp-page\" data-elementor-id=\"290\" data-elementor-post-type=\"page\"><section class=\"ob-is-breaking-bad elementor-section elementor-top-section elementor-element elementor-element-d6d2173 elementor-section-boxed elementor-section-height-default elementor-section-height-default\" data-id=\"d6d2173\" data-element_type=\"section\" data-settings=\"{&quot;background_background&quot;:&quot;slideshow&quot;,&quot;_ob_bbad_use_it&quot;:&quot;yes&quot;,&quot;_ob_bbad_sssic_use&quot;:&quot;no&quot;,&quot;_ob_glider_is_slider&quot;:&quot;no&quot;,&quot;background_slideshow_gallery&quot;:[],&quot;background_slideshow_slide_duration&quot;:5000,&quot;background_slideshow_slide_transition&quot;:&quot;fade&quot;,&quot;background_slideshow_transition_duration&quot;:500}\"><div class=\"elementor-container elementor-column-gap-default\"><div class=\"elementor-column elementor-col-100 elementor-top-column elementor-element elementor-element-48e073d1\" data-id=\"48e073d1\" data-element_type=\"column\" data-settings=\"{&quot;_ob_bbad_is_stalker&quot;:&quot;no&quot;,&quot;_ob_teleporter_use&quot;:false,&quot;_ob_column_hoveranimator&quot;:&quot;no&quot;,&quot;_ob_column_has_pseudo&quot;:&quot;no&quot;}\"><div class=\"elementor-widget-wrap elementor-element-populated\"><div class=\"elementor-element elementor-element-4c5f83c9 ob-harakiri-inherit ob-has-background-overlay elementor-widget elementor-widget-text-editor ob-harakiri\" data-id=\"4c5f83c9\" data-element_type=\"widget\" data-settings=\"{&quot;_ob_use_harakiri&quot;:&quot;yes&quot;,&quot;_ob_harakiri_writing_mode&quot;:&quot;inherit&quot;,&quot;_ob_postman_use&quot;:&quot;no&quot;,&quot;_ob_perspektive_use&quot;:&quot;no&quot;,&quot;_ob_poopart_use&quot;:&quot;yes&quot;,&quot;_ob_shadough_use&quot;:&quot;no&quot;,&quot;_ob_allow_hoveranimator&quot;:&quot;no&quot;,&quot;_ob_widget_stalker_use&quot;:&quot;no&quot;}\" data-widget_type=\"text-editor.default\"><div class=\"elementor-widget-container\"><h3><span style=\"color: #000000;\"><strong>Politique de confidentialit\u00e9 conforme au RGPD<\/strong><\/span><\/h3><p>\u00a0<\/p><p><span style=\"color: #000000;\"><b>D\u00e9finitions :<\/b><\/span><\/p><p><span style=\"color: #000000;\"><b>L\u2019\u00c9diteur<\/b>\u00a0: La personne, physique ou morale, qui \u00e9dite les services de communication au public en ligne.<\/span><br \/><span style=\"color: #000000;\"><b>Le Site<\/b>\u00a0: L\u2019ensemble des sites, pages Internet et services en ligne propos\u00e9s par l\u2019\u00c9diteur.<\/span><br \/><span style=\"color: #000000;\"><b>L\u2019Utilisateur<\/b>\u00a0: La personne utilisant le Site et les services.<\/span><\/p><p><span style=\"color: #000000;\"><b>Nature des donn\u00e9es collect\u00e9es<\/b><\/span><\/p><p><span style=\"color: #000000;\"><b><br \/>Dans le cadre de l\u2019utilisation des Sites, l\u2019\u00c9diteur est susceptible de collecter les cat\u00e9gories de donn\u00e9es<\/b><\/span><br \/><span style=\"color: #000000;\"><b>suivantes concernant ses Utilisateurs :<\/b><\/span><br \/><span style=\"color: #000000;\">Donn\u00e9es d\u2019\u00e9tat-civil, d\u2019identit\u00e9, d\u2019identification\u2026<\/span><br \/><span style=\"color: #000000;\">Donn\u00e9es de connexion (adresses IP, journaux d\u2019\u00e9v\u00e9nements\u2026)<\/span><br \/><span style=\"color: #000000;\">Communication des donn\u00e9es personnelles \u00e0 des tiers<\/span><br \/><span style=\"color: #000000;\">Pas de communication \u00e0 des tiers<\/span><br \/><span style=\"color: #000000;\">Vos donn\u00e9es ne font l\u2019objet d\u2019aucune communication \u00e0 des tiers. Vous \u00eates toutefois inform\u00e9s qu\u2019elles<\/span><br \/><span style=\"color: #000000;\">pourront \u00eatre divulgu\u00e9es en application d\u2019une loi, d\u2019un r\u00e8glement ou en vertu d\u2019une d\u00e9cision d\u2019une autorit\u00e9<\/span><br \/><span style=\"color: #000000;\">r\u00e9glementaire ou judiciaire comp\u00e9tente.<\/span><\/p><p><span style=\"color: #000000;\"><b>Information pr\u00e9alable pour la communication des donn\u00e9es personnelles \u00e0 des tiers en<br \/>cas de fusion \/ absorption<\/b><\/span><\/p><p><span style=\"color: #000000;\"><b>Information pr\u00e9alable et possibilit\u00e9 d\u2019opt-out avant et apr\u00e8s la fusion \/ acquisition<\/b><\/span><br \/><span style=\"color: #000000;\">Dans le cas o\u00f9 nous prendrions part \u00e0 une op\u00e9ration de fusion, d\u2019acquisition ou \u00e0 toute autre forme de cession\u00a0d\u2019actifs, nous nous engageons \u00e0 garantir la confidentialit\u00e9 de vos donn\u00e9es personnelles et \u00e0 vous informer\u00a0avant que celles-ci ne soient transf\u00e9r\u00e9es ou soumises \u00e0 de nouvelles r\u00e8gles de confidentialit\u00e9.<\/span><\/p><p><span style=\"color: #000000;\"><b>Finalit\u00e9 de la r\u00e9utilisation des donn\u00e9es personnelles collect\u00e9es<\/b><\/span><br \/><span style=\"color: #000000;\">L\u2019\u00e9laboration de statistiques commerciales<\/span><br \/><span style=\"color: #000000;\">La gestion des demandes de droit d\u2019acc\u00e8s, de rectification et d\u2019opposition<\/span><\/p><p><span style=\"color: #000000;\"><b>Agr\u00e9gation des donn\u00e9es<\/b><\/span><\/p><p><span style=\"color: #000000;\"><b><br \/>Agr\u00e9gation avec des donn\u00e9es non personnelles<\/b><\/span><br \/><span style=\"color: #000000;\">Nous pouvons publier, divulguer et utiliser les informations agr\u00e9g\u00e9es (informations relatives \u00e0 tous nos\u00a0Utilisateurs ou \u00e0 des groupes ou cat\u00e9gories sp\u00e9cifiques d\u2019Utilisateurs que nous combinons de mani\u00e8re \u00e0 ce\u00a0qu\u2019un Utilisateur individuel ne puisse plus \u00eatre identifi\u00e9 ou mentionn\u00e9) et les informations non personnelles \u00e0\u00a0des fins d\u2019analyse du secteur et du march\u00e9, de profilage d\u00e9mographique, \u00e0 des fins promotionnelles et\u00a0publicitaires et \u00e0 d\u2019autres fins commerciales.<\/span><\/p><p><span style=\"color: #000000;\"><b>Agr\u00e9gation avec des donn\u00e9es personnelles disponibles sur les comptes sociaux de l\u2019Utilisateur<\/b><\/span><br \/><span style=\"color: #000000;\">Si vous connectez votre compte \u00e0 un compte d\u2019un autre service afin de faire des envois crois\u00e9s, ledit service\u00a0pourra nous communiquer vos informations de profil, de connexion, ainsi que toute autre information dont\u00a0vous avez autoris\u00e9 la divulgation. Nous pouvons agr\u00e9ger les informations relatives \u00e0 tous nos autres\u00a0Utilisateurs, groupes, comptes, aux donn\u00e9es personnelles disponibles sur l\u2019Utilisateur.<\/span><br \/><span style=\"color: #000000;\">Collecte des donn\u00e9es d\u2019identit\u00e9.<\/span><\/p><p><span style=\"color: #000000;\"><b>Consultation libre<\/b><\/span><br \/><span style=\"color: #000000;\">La consultation du Site ne n\u00e9cessite pas d\u2019inscription ni d\u2019identification pr\u00e9alable. Elle peut s\u2019effectuer sans que\u00a0vous ne communiquiez de donn\u00e9es nominatives vous concernant (nom, pr\u00e9nom, adresse, etc). Nous ne\u00a0proc\u00e9dons \u00e0 aucun enregistrement de donn\u00e9es nominatives pour la simple consultation du Site.<\/span><\/p><p><span style=\"color: #000000;\"><b>Collecte des donn\u00e9es d\u2019identification<\/b><\/span><br \/><span style=\"color: #000000;\"><b>Utilisation de l\u2019identifiant de l\u2019utilisateur uniquement pour l\u2019acc\u00e8s aux services<\/b><\/span><br \/><span style=\"color: #000000;\">Nous utilisons vos identifiants \u00e9lectroniques seulement pour et pendant l\u2019ex\u00e9cution du contrat.<\/span><br \/><span style=\"color: #000000;\">Collecte des donn\u00e9es du terminal<\/span><br \/><span style=\"color: #000000;\">Collecte des donn\u00e9es de profilage et des donn\u00e9es techniques \u00e0 des fins de fourniture du service<\/span><br \/><span style=\"color: #000000;\">Certaines des donn\u00e9es techniques de votre appareil sont collect\u00e9es automatiquement par le Site. Ces<\/span><br \/><span style=\"color: #000000;\">informations incluent notamment votre adresse IP, fournisseur d\u2019acc\u00e8s \u00e0 Internet, configuration mat\u00e9rielle,\u00a0configuration logicielle, type et langue du navigateur\u2026 La collecte de ces donn\u00e9es est n\u00e9cessaire \u00e0 la fourniture<\/span><br \/><span style=\"color: #000000;\">des services.<\/span><br \/><span style=\"color: #000000;\">Collecte des donn\u00e9es techniques \u00e0 des fins publicitaires, commerciales et statistiques<\/span><br \/><span style=\"color: #000000;\">Les donn\u00e9es techniques de votre appareil sont automatiquement collect\u00e9es et enregistr\u00e9es par le Site, \u00e0 des\u00a0fins publicitaires, commerciales et statistiques. Ces informations nous aident \u00e0 personnaliser et \u00e0 am\u00e9liorer\u00a0continuellement votre exp\u00e9rience sur notre Site. Nous ne collectons ni ne conservons aucune donn\u00e9e\u00a0nominative (nom, pr\u00e9nom, adresse\u2026) \u00e9ventuellement attach\u00e9e \u00e0 une donn\u00e9e technique. Les donn\u00e9es collect\u00e9es\u00a0sont susceptibles d\u2019\u00eatre revendues \u00e0 des tiers.<\/span><\/p><p><span style=\"color: #000000;\"><b>Cookies<\/b><\/span><\/p><p><span style=\"color: #000000;\"><b>Dur\u00e9e de conservation des cookies<\/b><\/span><br \/><span style=\"color: #000000;\">Conform\u00e9ment aux recommandations de la CNIL, la dur\u00e9e maximale de conservation des cookies est de 13\u00a0mois au maximum apr\u00e8s leur premier d\u00e9p\u00f4t dans le terminal de l\u2019Utilisateur, tout comme la dur\u00e9e de la validit\u00e9\u00a0du consentement de l\u2019Utilisateur \u00e0 l\u2019utilisation de ces cookies. La dur\u00e9e de vie des cookies n\u2019est pas prolong\u00e9e\u00a0\u00e0 chaque visite. Le consentement de l\u2019Utilisateur devra donc \u00eatre renouvel\u00e9 \u00e0 l\u2019issue de ce d\u00e9lai.<\/span><\/p><p><span style=\"color: #000000;\"><b>Finalit\u00e9 cookies<\/b><\/span><br \/><span style=\"color: #000000;\">Les cookies peuvent \u00eatre utilis\u00e9s pour des fins statistiques notamment pour optimiser les services rendus \u00e0\u00a0l\u2019Utilisateur, \u00e0 partir du traitement des informations concernant la fr\u00e9quence d\u2019acc\u00e8s, la personnalisation des\u00a0pages ainsi que les op\u00e9rations r\u00e9alis\u00e9es et les informations consult\u00e9es.<\/span><br \/><span style=\"color: #000000;\">Vous \u00eates inform\u00e9 que l\u2019\u00c9diteur est susceptible de d\u00e9poser des cookies sur votre terminal. Le cookie enregistre\u00a0des informations relatives \u00e0 la navigation sur le service (les pages que vous avez consult\u00e9es, la date et l\u2019heure\u00a0de la consultation\u2026) que nous pourrons lire lors de vos visites ult\u00e9rieures.<\/span><\/p><p><span style=\"color: #000000;\"><b>Droit de l\u2019Utilisateur de refuser les cookies<\/b><\/span><br \/><span style=\"color: #000000;\">Vous reconnaissez avoir \u00e9t\u00e9 inform\u00e9 que l\u2019\u00c9diteur peut avoir recours \u00e0 des cookies. Si vous ne souhaitez pas\u00a0que des cookies soient utilis\u00e9s sur votre terminal, la plupart des navigateurs vous permettent de d\u00e9sactiver les\u00a0cookies en passant par les options de r\u00e9glage.<\/span><br \/><br \/><\/p><p><span style=\"color: #000000;\"><strong>Conservation des donn\u00e9es techniques<\/strong><\/span><\/p><p><span style=\"color: #000000;\"><b>Dur\u00e9e de conservation des donn\u00e9es techniques<\/b><\/span><br \/><span style=\"color: #000000;\">Les donn\u00e9es techniques sont conserv\u00e9es pour la dur\u00e9e strictement n\u00e9cessaire \u00e0 la r\u00e9alisation des finalit\u00e9s\u00a0vis\u00e9es ci-avant.<\/span><\/p><p><span style=\"color: #000000;\"><b>D\u00e9lai de conservation des donn\u00e9es personnelles et d\u2019anonymisation<\/b><\/span><\/p><p><span style=\"color: #000000;\"><b><br \/>Conservation des donn\u00e9es pendant la dur\u00e9e de la relation contractuelle<\/b><\/span><br \/><span style=\"color: #000000;\">Conform\u00e9ment \u00e0 l\u2019article 6-5\u00b0 de la loi n\u00b078-17 du 6 janvier 1978 relative \u00e0 l\u2019informatique, aux fichiers et aux\u00a0libert\u00e9s, les donn\u00e9es \u00e0 caract\u00e8re personnel faisant l\u2019objet d\u2019un traitement ne sont pas conserv\u00e9es au-del\u00e0 du\u00a0temps n\u00e9cessaire \u00e0 l\u2019ex\u00e9cution des obligations d\u00e9finies lors de la conclusion du contrat ou de la dur\u00e9e\u00a0pr\u00e9d\u00e9finie de la relation contractuelle.<\/span><br \/><b><\/b><\/p><p><span style=\"color: #000000;\"><b>Conservation des donn\u00e9es anonymis\u00e9es au del\u00e0 de la relation contractuelle \/ apr\u00e8s la suppression du compte<\/b><\/span><br \/><span style=\"color: #000000;\">Nous conservons les donn\u00e9es personnelles pour la dur\u00e9e strictement n\u00e9cessaire \u00e0 la r\u00e9alisation des finalit\u00e9s\u00a0d\u00e9crites dans les pr\u00e9sentes CGU. Au-del\u00e0 de cette dur\u00e9e, elles seront anonymis\u00e9es et conserv\u00e9es \u00e0 des fins\u00a0exclusivement statistiques et ne donneront lieu \u00e0 aucune exploitation, de quelque nature que ce soit.<\/span><br \/><span style=\"color: #000000;\"><b><br \/><\/b><\/span><\/p><p><span style=\"color: #000000;\"><b>Suppression des donn\u00e9es apr\u00e8s suppression du compte<\/b><\/span><br \/><span style=\"color: #000000;\">Des moyens de purge de donn\u00e9es sont mis en place afin d\u2019en pr\u00e9voir la suppression effective d\u00e8s lors que la dur\u00e9e de conservation ou d\u2019archivage n\u00e9cessaire \u00e0 l\u2019accomplissement des finalit\u00e9s d\u00e9termin\u00e9es ou impos\u00e9es est atteinte. Conform\u00e9ment \u00e0 la loi n\u00b078-17 du 6 janvier 1978 relative \u00e0 l\u2019informatique, aux fichiers et aux libert\u00e9s, vous disposez par ailleurs d\u2019un droit de suppression sur vos donn\u00e9es que vous pouvez exercer \u00e0 tout moment en prenant contact avec l\u2019\u00c9diteur.<\/span><\/p><p><span style=\"color: #000000;\"><b>Suppression des donn\u00e9es apr\u00e8s 3 ans d\u2019inactivit\u00e9<\/b><\/span><br \/><span style=\"color: #000000;\">Pour des raisons de s\u00e9curit\u00e9, si vous ne vous \u00eates pas authentifi\u00e9 sur le Site pendant une p\u00e9riode de trois ans, vous recevrez un e-mail vous invitant \u00e0 vous connecter dans les plus brefs d\u00e9lais, sans quoi vos donn\u00e9es seront supprim\u00e9es de nos bases de donn\u00e9es.<\/span><\/p><p><span style=\"color: #000000;\"><b>Suppression du compte<\/b><\/span><\/p><p><span style=\"color: #000000;\"><b><br \/>Suppression du compte \u00e0 la demande<\/b><\/span><br \/><span style=\"color: #000000;\">L\u2019Utilisateur a la possibilit\u00e9 de supprimer son Compte \u00e0 tout moment, par simple demande \u00e0 l\u2019\u00c9diteur OU par le menu de suppression de Compte pr\u00e9sent dans les param\u00e8tres du Compte le cas \u00e9ch\u00e9ant.<\/span><\/p><p><span style=\"color: #000000;\"><b>Suppression du compte en cas de violation des CGU<\/b><\/span><br \/><span style=\"color: #000000;\">En cas de violation d\u2019une ou de plusieurs dispositions des CGU ou de tout autre document incorpor\u00e9 aux pr\u00e9sentes par r\u00e9f\u00e9rence, l\u2019\u00c9diteur se r\u00e9serve le droit de mettre fin ou restreindre sans aucun avertissement pr\u00e9alable et \u00e0 sa seule discr\u00e9tion, votre usage et acc\u00e8s aux services, \u00e0 votre compte et \u00e0 tous les Sites.<\/span><\/p><p><span style=\"color: #000000;\"><b>Indications en cas de faille de s\u00e9curit\u00e9 d\u00e9cel\u00e9e par l\u2019\u00c9diteur<\/b><\/span><br \/><span style=\"color: #000000;\">Information de l\u2019Utilisateur en cas de faille de s\u00e9curit\u00e9<\/span><br \/><span style=\"color: #000000;\">Nous nous engageons \u00e0 mettre en oeuvre toutes les mesures techniques et organisationnelles appropri\u00e9es afin de garantir un niveau de s\u00e9curit\u00e9 adapt\u00e9 au regard des risques d\u2019acc\u00e8s accidentels, non autoris\u00e9s ou ill\u00e9gaux, de divulgation, d\u2019alt\u00e9ration, de perte ou encore de destruction des donn\u00e9es personnelles vous concernant.<\/span><br \/><span style=\"color: #000000;\">Dans l\u2019\u00e9ventualit\u00e9 o\u00f9 nous prendrions connaissance d\u2019un acc\u00e8s ill\u00e9gal aux donn\u00e9es personnelles vous<\/span><br \/><span style=\"color: #000000;\">concernant stock\u00e9es sur nos serveurs ou ceux de nos prestataires, ou d\u2019un acc\u00e8s non autoris\u00e9 ayant pour<\/span><br \/><span style=\"color: #000000;\">cons\u00e9quence la r\u00e9alisation des risques identifi\u00e9s ci-dessus, nous nous engageons \u00e0 :<\/span><br \/><span style=\"color: #000000;\">\u2013 Vous notifier l\u2019incident dans les plus brefs d\u00e9lais ;<\/span><br \/><span style=\"color: #000000;\">\u2013 Examiner les causes de l\u2019incident et vous en informer ;<\/span><br \/><span style=\"color: #000000;\">\u2013 Prendre les mesures n\u00e9cessaires dans la limite du raisonnable afin d\u2019amoindrir les effets n\u00e9gatifs et<\/span><br \/><span style=\"color: #000000;\">pr\u00e9judices pouvant r\u00e9sulter dudit incident<\/span><\/p><p><span style=\"color: #000000;\"><b>Limitation de la responsabilit\u00e9<\/b><\/span><br \/><span style=\"color: #000000;\">En aucun cas les engagements d\u00e9finis au point ci-dessus relatifs \u00e0 la notification en cas de faille de s\u00e9curit\u00e9 ne peuvent \u00eatre assimil\u00e9s \u00e0 une quelconque reconnaissance de faute ou de responsabilit\u00e9 quant \u00e0 la survenance de l\u2019incident en question.<\/span><\/p><p><span style=\"color: #000000;\"><b>Transfert des donn\u00e9es personnelles \u00e0 l\u2019\u00e9tranger<\/b><\/span><br \/><span style=\"color: #000000;\">Pas de transfert en dehors de l\u2019Union europ\u00e9enne<\/span><br \/><span style=\"color: #000000;\">L\u2019\u00c9diteur s\u2019engage \u00e0 ne pas transf\u00e9rer les donn\u00e9es personnelles de ses Utilisateurs en dehors de l\u2019Union<\/span><br \/><span style=\"color: #000000;\">europ\u00e9enne.<\/span><\/p><p><span style=\"color: #000000;\"><b>Modification des CGU et de la politique de confidentialit\u00e9<\/b><\/span><br \/><span style=\"color: #000000;\">En cas de modification des pr\u00e9sentes CGU, engagement de ne pas baisser le niveau de confidentialit\u00e9 de mani\u00e8re substantielle sans l\u2019information pr\u00e9alable des personnes concern\u00e9es<\/span><br \/><span style=\"color: #000000;\">Nous nous engageons \u00e0 vous informer en cas de modification substantielle des pr\u00e9sentes CGU, et \u00e0 ne pas baisser le niveau de confidentialit\u00e9 de vos donn\u00e9es de mani\u00e8re substantielle sans vous en informer et obtenir votre consentement.<\/span><\/p><p><span style=\"color: #000000;\"><b>Droit applicable et modalit\u00e9s de recours<\/b><\/span><\/p><p><span style=\"color: #000000;\"><b><br \/>Clause d\u2019arbitrage<\/b><\/span><br \/><span style=\"color: #000000;\">Vous acceptez express\u00e9ment que tout litige susceptible de na\u00eetre du fait des pr\u00e9sentes CGU, notamment de son interpr\u00e9tation ou de son ex\u00e9cution, rel\u00e8vera d\u2019une proc\u00e9dure d\u2019arbitrage soumise au r\u00e8glement de la plateforme d\u2019arbitrage choisie d\u2019un commun accord, auquel vous adh\u00e9rerez sans r\u00e9serve.<\/span><\/p><p><span style=\"color: #000000;\"><b>Portabilit\u00e9 des donn\u00e9es<\/b><\/span><\/p><p><span style=\"color: #000000;\"><b><br \/>Portabilit\u00e9 des donn\u00e9es<\/b><\/span><br \/><span style=\"color: #000000;\">L\u2019\u00c9diteur s\u2019engage \u00e0 vous offrir la possibilit\u00e9 de vous faire restituer l\u2019ensemble des donn\u00e9es vous concernant sur simple demande. L\u2019Utilisateur se voit ainsi garantir une meilleure ma\u00eetrise de ses donn\u00e9es, et garde la possibilit\u00e9 de les r\u00e9utiliser. Ces donn\u00e9es devront \u00eatre fournies dans un format ouvert et ais\u00e9ment r\u00e9utilisable.<\/span><\/p><\/div><\/div><\/div><\/div><\/div><\/section><section class=\"ob-is-breaking-bad elementor-section elementor-top-section elementor-element elementor-element-4ba3c1d2 elementor-section-boxed elementor-section-height-default elementor-section-height-default\" data-id=\"4ba3c1d2\" data-element_type=\"section\" data-settings=\"{&quot;_ob_bbad_use_it&quot;:&quot;yes&quot;,&quot;_ob_bbad_sssic_use&quot;:&quot;no&quot;,&quot;_ob_glider_is_slider&quot;:&quot;no&quot;}\"><div class=\"elementor-container elementor-column-gap-default\"><div class=\"elementor-column elementor-col-100 elementor-top-column elementor-element elementor-element-587f113\" data-id=\"587f113\" data-element_type=\"column\" data-settings=\"{&quot;_ob_bbad_is_stalker&quot;:&quot;no&quot;,&quot;_ob_teleporter_use&quot;:false,&quot;_ob_column_hoveranimator&quot;:&quot;no&quot;,&quot;_ob_column_has_pseudo&quot;:&quot;no&quot;}\"><div class=\"elementor-widget-wrap elementor-element-populated\"><div class=\"elementor-element elementor-element-6f495846 ob-has-background-overlay elementor-widget elementor-widget-spacer\" data-id=\"6f495846\" data-element_type=\"widget\" data-settings=\"{&quot;_ob_spacerat_use&quot;:&quot;no&quot;,&quot;_ob_perspektive_use&quot;:&quot;no&quot;,&quot;_ob_poopart_use&quot;:&quot;yes&quot;,&quot;_ob_shadough_use&quot;:&quot;no&quot;,&quot;_ob_allow_hoveranimator&quot;:&quot;no&quot;,&quot;_ob_widget_stalker_use&quot;:&quot;no&quot;}\" data-widget_type=\"spacer.default\"><div class=\"elementor-widget-container\"><div class=\"elementor-spacer\"><div class=\"elementor-spacer-inner\">\u00a0<\/div><\/div><\/div><\/div><\/div><\/div><\/div><\/section><\/div><p><span style=\"color: #000000;\">H\u00f4tel Les Chalets de Philippe<br \/>Restaurant Les Tables de Philippe<\/span><br \/><span style=\"color: #000000;\">718 route du Chapeau\u00a0 \u2013 Le Lavancher<\/span><br \/><span style=\"color: #000000;\">74400 Chamonix Mont-Blanc<\/span><br \/><span style=\"color: #000000;\">T\u00e9l. 06 07 23 17 26<\/span><\/p>\t\t\t\t\t\t\t\t<\/div>\n\t\t\t\t<\/div>\n\t\t\t\t\t<\/div>\n\t\t<\/div>\n\t\t\t\t\t<\/div>\n\t\t<\/section>\n\t\t\t\t<\/div>\n\t\t","protected":false},"excerpt":{"rendered":"<p>Politique de confidentialit\u00e9 conforme au RGPD \u00a0 D\u00e9finitions : L\u2019\u00c9diteur\u00a0: La personne, physique ou morale, qui \u00e9dite les services de communication au public en ligne.Le Site\u00a0: L\u2019ensemble des sites, pages Internet et services en ligne propos\u00e9s par l\u2019\u00c9diteur.L\u2019Utilisateur\u00a0: La personne utilisant le Site et les services. Nature des donn\u00e9es collect\u00e9es Dans le cadre de l\u2019utilisation [&hellip;]<\/p>\n","protected":false},"author":1,"featured_media":0,"parent":0,"menu_order":0,"comment_status":"closed","ping_status":"closed","template":"","meta":{"footnotes":""},"class_list":["post-7008","page","type-page","status-publish","hentry"],"_links":{"self":[{"href":"https:\/\/booking.chaletsphilippe.com\/index.php?rest_route=\/wp\/v2\/pages\/7008","targetHints":{"allow":["GET"]}}],"collection":[{"href":"https:\/\/booking.chaletsphilippe.com\/index.php?rest_route=\/wp\/v2\/pages"}],"about":[{"href":"https:\/\/booking.chaletsphilippe.com\/index.php?rest_route=\/wp\/v2\/types\/page"}],"author":[{"embeddable":true,"href":"https:\/\/booking.chaletsphilippe.com\/index.php?rest_route=\/wp\/v2\/users\/1"}],"replies":[{"embeddable":true,"href":"https:\/\/booking.chaletsphilippe.com\/index.php?rest_route=%2Fwp%2Fv2%2Fcomments&post=7008"}],"version-history":[{"count":7,"href":"https:\/\/booking.chaletsphilippe.com\/index.php?rest_route=\/wp\/v2\/pages\/7008\/revisions"}],"predecessor-version":[{"id":7362,"href":"https:\/\/booking.chaletsphilippe.com\/index.php?rest_route=\/wp\/v2\/pages\/7008\/revisions\/7362"}],"wp:attachment":[{"href":"https:\/\/booking.chaletsphilippe.com\/index.php?rest_route=%2Fwp%2Fv2%2Fmedia&parent=7008"}],"curies":[{"name":"wp","href":"https:\/\/api.w.org\/{rel}","templated":true}]}}