{"id":7363,"date":"2025-09-25T09:26:54","date_gmt":"2025-09-25T09:26:54","guid":{"rendered":"https:\/\/booking.chaletsphilippe.com\/?page_id=7363"},"modified":"2025-09-25T09:29:17","modified_gmt":"2025-09-25T09:29:17","slug":"mentions-legales","status":"publish","type":"page","link":"https:\/\/booking.chaletsphilippe.com\/?page_id=7363","title":{"rendered":"Mentions l\u00e9gales"},"content":{"rendered":"\t\t<div data-elementor-type=\"wp-page\" data-elementor-id=\"7363\" class=\"elementor elementor-7363\">\n\t\t\t\t\t\t<section class=\"elementor-section elementor-top-section elementor-element elementor-element-8bea25e elementor-section-boxed elementor-section-height-default elementor-section-height-default\" data-id=\"8bea25e\" data-element_type=\"section\" data-e-type=\"section\">\n\t\t\t\t\t\t<div class=\"elementor-container elementor-column-gap-default\">\n\t\t\t\t\t<div class=\"elementor-column elementor-col-100 elementor-top-column elementor-element elementor-element-e757b1e\" data-id=\"e757b1e\" data-element_type=\"column\" data-e-type=\"column\">\n\t\t\t<div class=\"elementor-widget-wrap elementor-element-populated\">\n\t\t\t\t\t\t<div class=\"elementor-element elementor-element-ca4da81 elementor-widget elementor-widget-text-editor\" data-id=\"ca4da81\" data-element_type=\"widget\" data-e-type=\"widget\" data-widget_type=\"text-editor.default\">\n\t\t\t\t<div class=\"elementor-widget-container\">\n\t\t\t\t\t\t\t\t\t<h2>Informations L\u00e9gales Hotel Les Chalets de Philippe \/ Restaurant Les Tables de Philippe Chamonix<\/h2><p>\u00a0<\/p><h3><strong>Editeur et Publication<\/strong><\/h3><p>Le site chaletsphilippe.com et booking.chaletsphilippe.com sont \u00e9dit\u00e9s par la soci\u00e9t\u00e9 SARL CHAM LOCATIONS<\/p><p>SARL CHAM LOCATIONS<br \/>718 route du Chapeau<br \/>Le Lavancher<br \/>74400 Chamonix Mont-Blanc \u2013 France<\/p><p>Siret RCS Bonneville B 428 687 628 000 27 \u2013 APE 551OZ<br \/>Capital social de 101.000 \u20ac<br \/>N\u00b0 TVA intracommunautaire FR36428687628<\/p><p>Ce site est la propri\u00e9t\u00e9 de la soci\u00e9t\u00e9 SARL CHAM LOCATIONS, et respecte le droit d\u2019auteur. Tous les droits des auteurs des oeuvres prot\u00e9g\u00e9es reproduites et communiqu\u00e9es sur ce site, sont r\u00e9serv\u00e9s. Sauf autorisation, toute utilisation des oeuvres autres que la reproduction et la consultation individuelles et priv\u00e9es sont interdites.<\/p><h3><strong>D\u00e9veloppement du site r\u00e9alis\u00e9 par :<\/strong><\/h3><p>Ce site a \u00e9t\u00e9 enti\u00e8rement con\u00e7u, r\u00e9alis\u00e9 et r\u00e9f\u00e9renc\u00e9 par la soci\u00e9t\u00e9 SARL CHAM LOCATIONS .<\/p><h3><strong>Directeur de Publication<\/strong><\/h3><p>Philippe Courtines<\/p><h3><strong>H\u00e9bergement<\/strong><\/h3><p>Le site est h\u00e9berg\u00e9 par la soci\u00e9t\u00e9 Hostinger<br \/>Hostinger International Ltd.<br \/>61 Lordou Vironos Street<br \/>Larnaca 6023<br \/>Cyprus<br \/>VAT Reg #: CY10301365E<\/p><p>\u00a0<\/p><h3>Droit applicable<\/h3><p>Les Conditions g\u00e9n\u00e9rales de vente ainsi que les Mentions l\u00e9gales sont r\u00e9gies par la loi fran\u00e7aise.<br \/>Il en est ainsi pour les r\u00e8gles de fond comme pour les r\u00e8gles de forme.<\/p><p>\u00a0Toute reproduction ou repr\u00e9sentation, m\u00eame partielle, de ces donn\u00e9es et informations, \u00e0 d\u2019autres fins qu\u2019un usage privatif sur quelque support que ce soit, est interdite et est de nature \u00e0 engager la responsabilit\u00e9 civile et\/ou p\u00e9nale de son auteur. Leurs duplications, traductions ainsi que leur h\u00e9bergement et traitement dans d\u2019autres m\u00e9dias \u00e9lectroniques, rel\u00e8vent des droits d\u2019auteur. La copie et l\u2019exploitation sont soumises \u00e0 une autorisation expresse, pr\u00e9alable et \u00e9crite de SARL CHAM LOCATIONS.<\/p>\t\t\t\t\t\t\t\t<\/div>\n\t\t\t\t<\/div>\n\t\t\t\t\t<\/div>\n\t\t<\/div>\n\t\t\t\t\t<\/div>\n\t\t<\/section>\n\t\t\t\t<\/div>\n\t\t","protected":false},"excerpt":{"rendered":"<p>Informations L\u00e9gales Hotel Les Chalets de Philippe \/ Restaurant Les Tables de Philippe Chamonix \u00a0 Editeur et Publication Le site chaletsphilippe.com et booking.chaletsphilippe.com sont \u00e9dit\u00e9s par la soci\u00e9t\u00e9 SARL CHAM LOCATIONS SARL CHAM LOCATIONS718 route du ChapeauLe Lavancher74400 Chamonix Mont-Blanc \u2013 France Siret RCS Bonneville B 428 687 628 000 27 \u2013 APE 551OZCapital social [&hellip;]<\/p>\n","protected":false},"author":1,"featured_media":0,"parent":0,"menu_order":0,"comment_status":"closed","ping_status":"closed","template":"","meta":{"footnotes":""},"class_list":["post-7363","page","type-page","status-publish","hentry"],"_links":{"self":[{"href":"https:\/\/booking.chaletsphilippe.com\/index.php?rest_route=\/wp\/v2\/pages\/7363","targetHints":{"allow":["GET"]}}],"collection":[{"href":"https:\/\/booking.chaletsphilippe.com\/index.php?rest_route=\/wp\/v2\/pages"}],"about":[{"href":"https:\/\/booking.chaletsphilippe.com\/index.php?rest_route=\/wp\/v2\/types\/page"}],"author":[{"embeddable":true,"href":"https:\/\/booking.chaletsphilippe.com\/index.php?rest_route=\/wp\/v2\/users\/1"}],"replies":[{"embeddable":true,"href":"https:\/\/booking.chaletsphilippe.com\/index.php?rest_route=%2Fwp%2Fv2%2Fcomments&post=7363"}],"version-history":[{"count":4,"href":"https:\/\/booking.chaletsphilippe.com\/index.php?rest_route=\/wp\/v2\/pages\/7363\/revisions"}],"predecessor-version":[{"id":7367,"href":"https:\/\/booking.chaletsphilippe.com\/index.php?rest_route=\/wp\/v2\/pages\/7363\/revisions\/7367"}],"wp:attachment":[{"href":"https:\/\/booking.chaletsphilippe.com\/index.php?rest_route=%2Fwp%2Fv2%2Fmedia&parent=7363"}],"curies":[{"name":"wp","href":"https:\/\/api.w.org\/{rel}","templated":true}]}}